{"id":233,"date":"2019-10-24T13:25:56","date_gmt":"2019-10-24T11:25:56","guid":{"rendered":"https:\/\/holmestrand-baatforening.no\/?page_id=233"},"modified":"2025-11-02T16:25:37","modified_gmt":"2025-11-02T15:25:37","slug":"leie-bathuset","status":"publish","type":"page","link":"https:\/\/holmestrand-baatforening.no\/?page_id=233","title":{"rendered":"Leie B\u00e5thuset"},"content":{"rendered":"\n<h3 class=\"wp-block-heading\" id=\"vi-har-kanskje-lokalene-du-trenger\">Vi har kanskje lokalene du trenger&#8230;<\/h3>\n\n\n\n<p>Er du p\u00e5 utkikk etter lokaler til konfirmasjon, bryllup, minnesamv\u00e6r eller lignende? B\u00e5thuset ligger sentralt p\u00e5 den fineste plassen i Holmestrand, og er kanskje&nbsp; lokalet du trenger.<\/p>\n\n\n\n<p>Vi kan tilby et lokale som har plass til ca. 45 personer inne, og en stor uteplass. Vi har et fullt utstyrt kj\u00f8kken.<\/p>\n\n\n\n<p>Kontakt Gunn Mathisen p\u00e5 mobil 920 98 554<\/p>\n\n\n\n<figure class=\"wp-block-gallery has-nested-images columns-default is-cropped wp-block-gallery-1 is-layout-flex wp-block-gallery-is-layout-flex\">\n<figure class=\"wp-block-image size-large\"><img loading=\"lazy\" decoding=\"async\" width=\"960\" height=\"598\" data-id=\"563\" src=\"https:\/\/holmestrand-baatforening.no\/wp-content\/uploads\/2022\/02\/bar.jpg\" alt=\"\" class=\"wp-image-563\" srcset=\"https:\/\/holmestrand-baatforening.no\/wp-content\/uploads\/2022\/02\/bar.jpg 960w, https:\/\/holmestrand-baatforening.no\/wp-content\/uploads\/2022\/02\/bar-300x187.jpg 300w, https:\/\/holmestrand-baatforening.no\/wp-content\/uploads\/2022\/02\/bar-768x478.jpg 768w\" sizes=\"auto, (max-width: 960px) 100vw, 960px\" \/><\/figure>\n\n\n\n<figure class=\"wp-block-image size-large\"><img loading=\"lazy\" decoding=\"async\" width=\"960\" height=\"728\" data-id=\"558\" src=\"https:\/\/holmestrand-baatforening.no\/wp-content\/uploads\/2022\/02\/bord.jpg\" alt=\"\" class=\"wp-image-558\" srcset=\"https:\/\/holmestrand-baatforening.no\/wp-content\/uploads\/2022\/02\/bord.jpg 960w, https:\/\/holmestrand-baatforening.no\/wp-content\/uploads\/2022\/02\/bord-300x228.jpg 300w, https:\/\/holmestrand-baatforening.no\/wp-content\/uploads\/2022\/02\/bord-768x582.jpg 768w\" sizes=\"auto, (max-width: 960px) 100vw, 960px\" \/><\/figure>\n\n\n\n<figure class=\"wp-block-image size-large\"><img loading=\"lazy\" decoding=\"async\" width=\"720\" height=\"960\" data-id=\"561\" src=\"https:\/\/holmestrand-baatforening.no\/wp-content\/uploads\/2022\/02\/parasoll.jpg\" alt=\"\" class=\"wp-image-561\" srcset=\"https:\/\/holmestrand-baatforening.no\/wp-content\/uploads\/2022\/02\/parasoll.jpg 720w, https:\/\/holmestrand-baatforening.no\/wp-content\/uploads\/2022\/02\/parasoll-225x300.jpg 225w\" sizes=\"auto, (max-width: 720px) 100vw, 720px\" \/><\/figure>\n\n\n\n<figure class=\"wp-block-image size-large\"><img loading=\"lazy\" decoding=\"async\" width=\"960\" height=\"762\" data-id=\"560\" src=\"https:\/\/holmestrand-baatforening.no\/wp-content\/uploads\/2022\/02\/pynt.jpg\" alt=\"\" class=\"wp-image-560\" srcset=\"https:\/\/holmestrand-baatforening.no\/wp-content\/uploads\/2022\/02\/pynt.jpg 960w, https:\/\/holmestrand-baatforening.no\/wp-content\/uploads\/2022\/02\/pynt-300x238.jpg 300w, https:\/\/holmestrand-baatforening.no\/wp-content\/uploads\/2022\/02\/pynt-768x610.jpg 768w\" sizes=\"auto, (max-width: 960px) 100vw, 960px\" \/><\/figure>\n\n\n\n<figure class=\"wp-block-image size-large\"><img loading=\"lazy\" decoding=\"async\" width=\"720\" height=\"960\" data-id=\"562\" src=\"https:\/\/holmestrand-baatforening.no\/wp-content\/uploads\/2022\/02\/utsikt.jpg\" alt=\"\" class=\"wp-image-562\" srcset=\"https:\/\/holmestrand-baatforening.no\/wp-content\/uploads\/2022\/02\/utsikt.jpg 720w, https:\/\/holmestrand-baatforening.no\/wp-content\/uploads\/2022\/02\/utsikt-225x300.jpg 225w\" sizes=\"auto, (max-width: 720px) 100vw, 720px\" \/><\/figure>\n\n\n\n<figure class=\"wp-block-image size-large\"><img loading=\"lazy\" decoding=\"async\" width=\"720\" height=\"960\" data-id=\"559\" src=\"https:\/\/holmestrand-baatforening.no\/wp-content\/uploads\/2022\/02\/utsikt2.jpg\" alt=\"\" class=\"wp-image-559\" srcset=\"https:\/\/holmestrand-baatforening.no\/wp-content\/uploads\/2022\/02\/utsikt2.jpg 720w, https:\/\/holmestrand-baatforening.no\/wp-content\/uploads\/2022\/02\/utsikt2-225x300.jpg 225w\" sizes=\"auto, (max-width: 720px) 100vw, 720px\" \/><\/figure>\n<\/figure>\n","protected":false},"excerpt":{"rendered":"<p>Vi har kanskje lokalene du trenger&#8230; Er du p\u00e5 utkikk etter lokaler til konfirmasjon, bryllup, minnesamv\u00e6r eller lignende? B\u00e5thuset ligger sentralt p\u00e5 den fineste plassen i Holmestrand, og er kanskje&nbsp; lokalet du trenger. Vi kan tilby et lokale som har plass til ca. 45 personer inne, og en stor uteplass.&hellip; <\/p>\n","protected":false},"author":2,"featured_media":0,"parent":0,"menu_order":0,"comment_status":"closed","ping_status":"closed","template":"","meta":{"footnotes":""},"class_list":["post-233","page","type-page","status-publish","hentry"],"_links":{"self":[{"href":"https:\/\/holmestrand-baatforening.no\/index.php?rest_route=\/wp\/v2\/pages\/233","targetHints":{"allow":["GET"]}}],"collection":[{"href":"https:\/\/holmestrand-baatforening.no\/index.php?rest_route=\/wp\/v2\/pages"}],"about":[{"href":"https:\/\/holmestrand-baatforening.no\/index.php?rest_route=\/wp\/v2\/types\/page"}],"author":[{"embeddable":true,"href":"https:\/\/holmestrand-baatforening.no\/index.php?rest_route=\/wp\/v2\/users\/2"}],"replies":[{"embeddable":true,"href":"https:\/\/holmestrand-baatforening.no\/index.php?rest_route=%2Fwp%2Fv2%2Fcomments&post=233"}],"version-history":[{"count":8,"href":"https:\/\/holmestrand-baatforening.no\/index.php?rest_route=\/wp\/v2\/pages\/233\/revisions"}],"predecessor-version":[{"id":1067,"href":"https:\/\/holmestrand-baatforening.no\/index.php?rest_route=\/wp\/v2\/pages\/233\/revisions\/1067"}],"wp:attachment":[{"href":"https:\/\/holmestrand-baatforening.no\/index.php?rest_route=%2Fwp%2Fv2%2Fmedia&parent=233"}],"curies":[{"name":"wp","href":"https:\/\/api.w.org\/{rel}","templated":true}]}}