{"id":16,"date":"2019-05-02T15:42:59","date_gmt":"2019-05-02T13:42:59","guid":{"rendered":"http:\/\/holmestrand-baatforening.no\/test\/?page_id=16"},"modified":"2022-02-08T11:15:55","modified_gmt":"2022-02-08T10:15:55","slug":"referat","status":"publish","type":"page","link":"https:\/\/holmestrand-baatforening.no\/?page_id=16","title":{"rendered":"Vedtekter"},"content":{"rendered":"\n<figure class=\"wp-block-image size-full is-resized\"><img loading=\"lazy\" decoding=\"async\" src=\"https:\/\/holmestrand-baatforening.no\/wp-content\/uploads\/2022\/02\/vedtekter.png\" alt=\"\" class=\"wp-image-590\" width=\"478\" height=\"264\" srcset=\"https:\/\/holmestrand-baatforening.no\/wp-content\/uploads\/2022\/02\/vedtekter.png 955w, https:\/\/holmestrand-baatforening.no\/wp-content\/uploads\/2022\/02\/vedtekter-300x166.png 300w, https:\/\/holmestrand-baatforening.no\/wp-content\/uploads\/2022\/02\/vedtekter-768x425.png 768w\" sizes=\"auto, (max-width: 478px) 100vw, 478px\" \/><\/figure>\n\n\n\n<p><strong>Vedtekter for Holmestrand B\u00e5tforening<\/strong><br><strong>\u00a71 Foreningens navn<\/strong><br>Foreningens navn er Holmestrand B\u00e5tforening og dens initialer er HB. Foreningen er stiftet 21. juni 1918.<\/p>\n\n\n\n<p><br><strong>\u00a72 Form\u00e5l<\/strong><br>Holmestrand B\u00e5tforenings form\u00e5l er \u00e5 samle b\u00e5tinteresserte i arbeid for seg.<br>Skape og vedlikeholde et godt b\u00e5tmilj\u00f8 i b\u00e5thavner og opplagsplasser<br>Samarbeide lokalt og regionalt med andre foreninger om felles oppgaver<br>Samarbeide med lokale myndigheter for \u00e5 l\u00f8se aktuell oppgaver innen rammen for form\u00e5let.&nbsp;HB skal videre f\u00f8lge utviklingen n\u00f8ye og ta opp oppgaver hvis l\u00f8sning antas \u00e5 v\u00e6re til medlemmenes gavn.<\/p>\n\n\n\n<p><br><strong>\u00a7 3 Medlemmer<\/strong><br>Enhver b\u00e5tinteressert kan bli medlem av HB n\u00e5r han godtar foreningens vedtekter og betaler den kontingent som fastsettes av \u00e5rsm\u00f8tet. Medlemmer med mer enn 10 \u00e5rs medlemskap og som er over 67 \u00e5r kan etter s\u00f8knad fritas for kontingent.<br>Medlemmer eller andre som har ytet en ekstraordin\u00e6r innsats for foreningen kan etter enstemmig innstilling av styret innvoteres om \u00e6resmedlemmer.<\/p>\n\n\n\n<p><strong>\u00a74 Kontingent<\/strong><br>\u00c5rskontingenten f\u00f8lger kalender\u00e5ret. Fjor\u00e5rets innbetaling av kontingent gir stemmerett p\u00e5 \u00e5rsm\u00f8tet, da \u00e5rets kontingent f\u00f8rst blir innkrevd i mars\/april. \u00c6resmedlemmer betaler ikke kontingent.<\/p>\n\n\n\n<p><strong>\u00a75 \u00c5rsm\u00f8tet<\/strong><br>\u00c5rsm\u00f8tet er foreningens h\u00f8yeste myndighet og avholdes hvert \u00e5r innen utgangen av mars m\u00e5ned.<br>Medlemmene innkalles med 14- dagers varsel ved annonsering eller skriftlig innkalling<br>Gjennom lokalpressen og p\u00e5 Holmestrands B\u00e5tforenings hjemmesider.. Innkallingen skal inneholde fortegnelse over styrets sammensetning , varamenn, komiteer og revisorer, samt navn , adresse og telefon-nummer til valgkomiteens formann.<br>Saker som \u00f8nskes behandlet p\u00e5 \u00e5rsm\u00f8tet m\u00e5 v\u00e6re styret i hende minst 7 dager f\u00f8r \u00e5rsm\u00f8tet.<br>\u00c5rsm\u00f8tet skal behandle:<br>\u00c5rsmelding<br>Regnskap<br>Avvende overskudd \/inndekning av underskudd<br>Innkommende forslag<br>Vedtektsendringer<br>Fastsette kontingent<br>Godkjenne budsjett<br>Valg: Leder, nestleder, kasserer, og sekret\u00e6r, velges for 2 \u00e5r, dog slik at f\u00f8rste gang uttrer nestleder og sekret\u00e6r etter et \u00e5r.<br>Et styremedlem , to varamedlemmer velges hvert \u00e5r<br>For \u00e5 kunne avgi stemme i Holmestrand b\u00e5tforening kreves det personlig oppm\u00f8te. <br>Alle vedtak krever simpelt flertall.<br>Vedtektsendringer kreves 2\/3 flertall.<\/p>\n\n\n\n<p><strong>\u00a76 Ekstraordin\u00e6rt \u00e5rsm\u00f8te<\/strong><br>Styret kan n\u00e5r det finner det n\u00f8dvendig og skal n\u00e5r minst 1\/5 del av medlemmene forlanger det , med skriftlig angivelse av hvilke saker som \u00f8nskes behandles innkalle til ekstraordin\u00e6rt \u00e5rsm\u00f8te. Innkallingen skjer med 8-dagers varsel og med angivelse av hvilke saker som st\u00e5r p\u00e5 dagsorden.<\/p>\n\n\n\n<p><br><strong>\u00a77 Styret<\/strong><br>Leder har den daglige ledelse av foreningen . Nestleder skal fungere som leder n\u00e5r denne har forfall.<br>Kasserer f\u00f8rer regnskap etter regnskapslovens prinsipper.<br>Styret kan oppnevne andre komiteer og utvalg samt ansette l\u00f8nnede funksjon\u00e6rer innenfor budsjettrammen.<\/p>\n\n\n\n<p><br><strong>\u00a78 Vinteropplag<\/strong><br>Vinteropplagsplassen skal ryddes hvert \u00e5r og medlemmer og andre som benytter plassen m\u00e5 etterkomme ordensregler som plasskomiteen setter opp. Opplagsavgiften oppkreves f\u00f8r oppsetting.<br>Rett til opplagsplass prioriteres p\u00e5 lik linje med tildelingsreglene for b\u00e5tplasser i Holmestrand.<br>Styret fastsetter priser for opptak og vinteropplag<\/p>\n\n\n\n<p><br><strong>\u00a79 Utmelding\/sammensl\u00e5ing<\/strong><br>Innmelding eller utmelding av en krets , et forbund eller sammenslutning med en annen forening m\u00e5 behandles av \u00e5rsm\u00f8tet og kan bare vedtas med 2\/3 flertall.<\/p>\n\n\n\n<p><strong>\u00a710 Ekskludering<\/strong><br>Hvis vedtektene ikke overholdes kan de som gj\u00f8r seg skyldig av brudd ekskluderes av styret.<\/p>\n\n\n\n<p><strong>\u00a711 Oppl\u00f8sning.<\/strong><br>Foreningen kan kun oppl\u00f8ses etter vedtak p\u00e5 ordin\u00e6rt \u00e5rsm\u00f8te samt etterf\u00f8lgende ekstraordin\u00e6rt \u00e5rsm\u00f8te. Som avholdes minimum 14 dager og maksimum 30 dager etter det ordin\u00e6re \u00e5rsm\u00f8tet.&nbsp;*Vedtak om oppl\u00f8sning m\u00e5 treffes med 2\/3 flertall blant framm\u00f8tte og stemmeberettigede medlemmer.&nbsp;N\u00e5r foreningen er besluttet oppl\u00f8st skal \u00e5rsm\u00f8te velge et avviklingsstyre som trer i stedet for styret og daglig leder. Valget gjelder p\u00e5 ubestemt tid . For \u00f8vrig gjelder \u00a7 7 om styret virksomhet ogs\u00e5 for avviklingsstyret.<br>Foreningens virksomhet kan fortsette under avviklingen i den utstrekning det er \u00f8nskelig for en hensiktsmessig gjennomf\u00f8ring av avviklingen.&nbsp;Avviklingsstyret skal lage en fortegnelse over forenings eiendeler, rettigheter og forpliktelser og gj\u00f8re opp balanse med henblikk p\u00e5 avviklingen.&nbsp;Fortegnelse over balansen skal i revidert stand legges ut i foreningens lokaler til ettersyn av medlemmene.&nbsp;Avviklingsstyret skal s\u00f8rge for at forenings forpliktelser dekkes . Avviklingsstyret skal for \u00f8vrig utarbeide forslag til anvendelse av foreningens eiendeler.&nbsp;Avvikling-styrets fortegnelse over eiendeler og balanse samt forslag til anvendelse av foreningens eiendeler skal fremlegges for godkjenning p\u00e5 ekstraordin\u00e6rt \u00e5rsm\u00f8te som ogs\u00e5 treffe beslutning om endelig oppl\u00f8sning.<\/p>\n\n\n\n<p><strong>\u00a7 12. Holmestrand B\u00e5tforening eier \u00abB\u00e5thuset\u00bb i Weidemannsgate 13<\/strong>.<br>B\u00e5thuset bestyres i det daglige av en husvert. Styret i Holmestrand B\u00e5tforening bestemmer utleietakster b\u00e5de for medlemmer samt ikke medlemmer, samt annen forvaltning av B\u00e5thuset som utleie til restaurant mm.<\/p>\n\n\n\n<p><strong>\u00a713 Holmestrand B\u00e5tforening eier Holmestrand Sm\u00e5b\u00e5thavn DA<\/strong><br>Sammen med Holmestrand Seilforening med en eierprosent p\u00e5 50% til hver forening. <br>Styret i Holmestrand B\u00e5tforening oppnevner 3 styremedlemmer fra Holmestrand Sm\u00e5b\u00e5thavn.<\/p>\n\n\n\n<p><strong>\u00a714. Kommersielle interesser<\/strong><br>Styremedlemmer i Holmestrand B\u00e5tforening kan ikke ha kommersielle interesser n\u00e6rt tilknyttet Holmestrand Havn.<br>Dersom styremedlemmer f\u00e5r slike interesser i styreperioden m\u00e5 de erstattes med varamann.<\/p>\n\n\n\n<p>Disse vedtektene er vedtatt p\u00e5 \u00e5rsm\u00f8tet den 7 mars 1980 og trer i kraft fra samme dato.<br>Endret p\u00e5 \u00e5rsm\u00f8tet 13 februar 1988, 15. februar 2003, 25 mars 2006 og 31. mars 2007 2. mars 2013 og 12. februar 2014, feburuar 2015, februar 2020<\/p>\n\n\n\n<p>Holmestrand B\u00e5tforening<br>Postboks 130<br>3080 Holmestrand<\/p>\n","protected":false},"excerpt":{"rendered":"<p>Vedtekter for Holmestrand B\u00e5tforening\u00a71 Foreningens navnForeningens navn er Holmestrand B\u00e5tforening og dens initialer er HB. Foreningen er stiftet 21. juni 1918. \u00a72 Form\u00e5lHolmestrand B\u00e5tforenings form\u00e5l er \u00e5 samle b\u00e5tinteresserte i arbeid for seg.Skape og vedlikeholde et godt b\u00e5tmilj\u00f8 i b\u00e5thavner og opplagsplasserSamarbeide lokalt og regionalt med andre foreninger om felles&hellip; <\/p>\n","protected":false},"author":2,"featured_media":0,"parent":0,"menu_order":0,"comment_status":"closed","ping_status":"closed","template":"","meta":{"footnotes":""},"class_list":["post-16","page","type-page","status-publish","hentry"],"_links":{"self":[{"href":"https:\/\/holmestrand-baatforening.no\/index.php?rest_route=\/wp\/v2\/pages\/16","targetHints":{"allow":["GET"]}}],"collection":[{"href":"https:\/\/holmestrand-baatforening.no\/index.php?rest_route=\/wp\/v2\/pages"}],"about":[{"href":"https:\/\/holmestrand-baatforening.no\/index.php?rest_route=\/wp\/v2\/types\/page"}],"author":[{"embeddable":true,"href":"https:\/\/holmestrand-baatforening.no\/index.php?rest_route=\/wp\/v2\/users\/2"}],"replies":[{"embeddable":true,"href":"https:\/\/holmestrand-baatforening.no\/index.php?rest_route=%2Fwp%2Fv2%2Fcomments&post=16"}],"version-history":[{"count":9,"href":"https:\/\/holmestrand-baatforening.no\/index.php?rest_route=\/wp\/v2\/pages\/16\/revisions"}],"predecessor-version":[{"id":591,"href":"https:\/\/holmestrand-baatforening.no\/index.php?rest_route=\/wp\/v2\/pages\/16\/revisions\/591"}],"wp:attachment":[{"href":"https:\/\/holmestrand-baatforening.no\/index.php?rest_route=%2Fwp%2Fv2%2Fmedia&parent=16"}],"curies":[{"name":"wp","href":"https:\/\/api.w.org\/{rel}","templated":true}]}}